{"id":22772,"date":"2026-05-13T08:58:13","date_gmt":"2026-05-13T08:58:13","guid":{"rendered":"https:\/\/b-art.podobraziazdusza.pl\/produkt\/krosno-2x35cm-20cm-20szt"},"modified":"2026-05-13T08:58:13","modified_gmt":"2026-05-13T08:58:13","slug":"krosno-2x35cm-20cm-20szt","status":"publish","type":"product","link":"https:\/\/b-art.podobraziazdusza.pl\/en\/produkt\/krosno-2x35cm-20cm-20szt","title":{"rendered":"krosno 2&#215;3,5cm 20cm-20szt"},"content":{"rendered":"<p>Krosno malarskie o przekroju 2&#215;3,5cm d\u0142ugo\u015b\u0107 20cm -20 szt (2 cm to grubo\u015b\u0107 krosna &#8211; czyli wymiar widoczny z boku podobrazia).<br \/>\n  Wykonane z suchego drewna sosnowego.<br \/>\n Listwy klejone s\u0105 na d\u0142ugo\u015bci (mikrowczep).<br \/>\n Ten produkt to 20 listew po 20 cm.<\/p>\n<p> UWAGA! Krosna w standardzie eco mog\u0105 mie\u0107 drobne wady (jak sporadyczne ma\u0142e s\u0119ki, wyszczerbienia itp). Dotyczy to szczeg\u00f3lnie ta\u0144szej opcji hurtowej czyli paczek po 20 szt, w kt\u00f3rych konrola jako\u015bci prowadzona jest tylko na etapie linii produkcyjnej. Niemal ka\u017cd\u0105 z tych wad mo\u017cna \u0142atwo usun\u0105\u0107 za pomoc\u0105 szpachli do drewna. Bez problemu te\u017c przyjmujemy wszelkie reklamacje na te listwy &#8211; ale w tym standardzie WY\u0141\u0104CZNIE poprzez do\u0142o\u017cenie nowych listew do kolejnego zam\u00f3wienia. Podsumowuj\u0105c to dobry produkt w dobrej cenie dla ka\u017cdego, kto albo zamawia regularnie i z zapasem, albo ma gotowo\u015b\u0107 u\u017cy\u0107 szpachli do drewna.<br \/>\n Wymagaj\u0105cym klientom polecamy wersj\u0119 premium krosna 2&#215;4,5 cm, kt\u00f3ra w zasadzie nie ma wad, \u015bwietnie si\u0119 sk\u0142ada i do tego jest znacznie bardziej odporna na wypaczenia z czasem.<\/p>\n<p> Je\u015bli masz w\u0105tpliwo\u015bci jakie dobra\u0107 krosna i poprzeczki, zobacz koniecznie nasz poradnik na ten temat.<\/p>\n","protected":false},"excerpt":{"rendered":"<p>Krosno malarskie o przekroju 2&#215;3,5cm d\u0142ugo\u015b\u0107 20cm -20szt<br \/>\n Wykonane z suchego drewna sosnowego.Listwy klejone s\u0105 na d\u0142ugo\u015bci (mikrowczep).<\/p>\n","protected":false},"featured_media":9798,"comment_status":"open","ping_status":"closed","template":"","meta":[],"product_brand":[],"product_cat":[345,212],"product_tag":[],"class_list":{"0":"post-22772","1":"product","2":"type-product","3":"status-publish","4":"has-post-thumbnail","6":"product_cat-2x3-5cm-en","7":"product_cat-stretcher-bars","8":"sales-flash-overlay","9":"woocommerce-text-align-center","10":"woocommerce-image-align-center","11":"do-quantity-buttons","13":"first","14":"instock","15":"taxable","16":"shipping-taxable","17":"purchasable","18":"product-type-simple"},"yoast_head":"<!-- This site is optimized with the Yoast SEO plugin v20.12 - https:\/\/yoast.com\/wordpress\/plugins\/seo\/ -->\n<title>krosno 2x3,5cm 20cm-20szt - Podobrazia z dusz\u0105<\/title>\n<meta name=\"robots\" content=\"noindex, follow, max-snippet:-1, max-image-preview:large, max-video-preview:-1\" \/>\n<meta property=\"og:locale\" content=\"en_US\" \/>\n<meta property=\"og:type\" content=\"article\" \/>\n<meta property=\"og:title\" content=\"krosno 2x3,5cm 20cm-20szt - Podobrazia z dusz\u0105\" \/>\n<meta property=\"og:description\" content=\"Krosno malarskie o przekroju 2x3,5cm d\u0142ugo\u015b\u0107 20cm -20szt Wykonane z suchego drewna sosnowego.Listwy klejone s\u0105 na d\u0142ugo\u015bci (mikrowczep).\" \/>\n<meta property=\"og:url\" content=\"https:\/\/b-art.podobraziazdusza.pl\/en\/produkt\/krosno-2x35cm-20cm-20szt\" \/>\n<meta property=\"og:site_name\" content=\"Podobrazia z dusz\u0105\" \/>\n<meta name=\"twitter:card\" content=\"summary_large_image\" \/>\n<meta name=\"twitter:label1\" content=\"Est. reading time\" \/>\n\t<meta name=\"twitter:data1\" content=\"1 minute\" \/>\n<script type=\"application\/ld+json\" class=\"yoast-schema-graph\">{\"@context\":\"https:\/\/schema.org\",\"@graph\":[{\"@type\":\"WebPage\",\"@id\":\"https:\/\/b-art.podobraziazdusza.pl\/en\/produkt\/krosno-2x35cm-20cm-20szt\",\"url\":\"https:\/\/b-art.podobraziazdusza.pl\/en\/produkt\/krosno-2x35cm-20cm-20szt\",\"name\":\"krosno 2x3,5cm 20cm-20szt - Podobrazia z dusz\u0105\",\"isPartOf\":{\"@id\":\"https:\/\/b-art.podobraziazdusza.pl\/#website\"},\"datePublished\":\"2026-05-13T08:58:13+00:00\",\"dateModified\":\"2026-05-13T08:58:13+00:00\",\"breadcrumb\":{\"@id\":\"https:\/\/b-art.podobraziazdusza.pl\/en\/produkt\/krosno-2x35cm-20cm-20szt#breadcrumb\"},\"inLanguage\":\"en-US\",\"potentialAction\":[{\"@type\":\"ReadAction\",\"target\":[\"https:\/\/b-art.podobraziazdusza.pl\/en\/produkt\/krosno-2x35cm-20cm-20szt\"]}]},{\"@type\":\"BreadcrumbList\",\"@id\":\"https:\/\/b-art.podobraziazdusza.pl\/en\/produkt\/krosno-2x35cm-20cm-20szt#breadcrumb\",\"itemListElement\":[{\"@type\":\"ListItem\",\"position\":1,\"name\":\"Strona g\u0142\u00f3wna\",\"item\":\"https:\/\/b-art.podobraziazdusza.pl\/en\"},{\"@type\":\"ListItem\",\"position\":2,\"name\":\"Shop\",\"item\":\"https:\/\/b-art.podobraziazdusza.pl\/en\/shop\"},{\"@type\":\"ListItem\",\"position\":3,\"name\":\"krosno 2&#215;3,5cm 20cm-20szt\"}]},{\"@type\":\"WebSite\",\"@id\":\"https:\/\/b-art.podobraziazdusza.pl\/#website\",\"url\":\"https:\/\/b-art.podobraziazdusza.pl\/\",\"name\":\"Podobrazia z dusz\u0105\",\"description\":\"\",\"publisher\":{\"@id\":\"https:\/\/b-art.podobraziazdusza.pl\/#organization\"},\"potentialAction\":[{\"@type\":\"SearchAction\",\"target\":{\"@type\":\"EntryPoint\",\"urlTemplate\":\"https:\/\/b-art.podobraziazdusza.pl\/?s={search_term_string}\"},\"query-input\":\"required name=search_term_string\"}],\"inLanguage\":\"en-US\"},{\"@type\":\"Organization\",\"@id\":\"https:\/\/b-art.podobraziazdusza.pl\/#organization\",\"name\":\"Podobrazia z dusz\u0105\",\"url\":\"https:\/\/b-art.podobraziazdusza.pl\/\",\"logo\":{\"@type\":\"ImageObject\",\"inLanguage\":\"en-US\",\"@id\":\"https:\/\/b-art.podobraziazdusza.pl\/#\/schema\/logo\/image\/\",\"url\":\"https:\/\/b-art.podobraziazdusza.pl\/wp-content\/uploads\/2023\/06\/logo.svg\",\"contentUrl\":\"https:\/\/b-art.podobraziazdusza.pl\/wp-content\/uploads\/2023\/06\/logo.svg\",\"caption\":\"Podobrazia z dusz\u0105\"},\"image\":{\"@id\":\"https:\/\/b-art.podobraziazdusza.pl\/#\/schema\/logo\/image\/\"}}]}<\/script>\n<!-- \/ Yoast SEO plugin. -->","yoast_head_json":{"title":"krosno 2x3,5cm 20cm-20szt - Podobrazia z dusz\u0105","robots":{"index":"noindex","follow":"follow","max-snippet":"max-snippet:-1","max-image-preview":"max-image-preview:large","max-video-preview":"max-video-preview:-1"},"og_locale":"en_US","og_type":"article","og_title":"krosno 2x3,5cm 20cm-20szt - Podobrazia z dusz\u0105","og_description":"Krosno malarskie o przekroju 2x3,5cm d\u0142ugo\u015b\u0107 20cm -20szt Wykonane z suchego drewna sosnowego.Listwy klejone s\u0105 na d\u0142ugo\u015bci (mikrowczep).","og_url":"https:\/\/b-art.podobraziazdusza.pl\/en\/produkt\/krosno-2x35cm-20cm-20szt","og_site_name":"Podobrazia z dusz\u0105","twitter_card":"summary_large_image","twitter_misc":{"Est. reading time":"1 minute"},"schema":{"@context":"https:\/\/schema.org","@graph":[{"@type":"WebPage","@id":"https:\/\/b-art.podobraziazdusza.pl\/en\/produkt\/krosno-2x35cm-20cm-20szt","url":"https:\/\/b-art.podobraziazdusza.pl\/en\/produkt\/krosno-2x35cm-20cm-20szt","name":"krosno 2x3,5cm 20cm-20szt - Podobrazia z dusz\u0105","isPartOf":{"@id":"https:\/\/b-art.podobraziazdusza.pl\/#website"},"datePublished":"2026-05-13T08:58:13+00:00","dateModified":"2026-05-13T08:58:13+00:00","breadcrumb":{"@id":"https:\/\/b-art.podobraziazdusza.pl\/en\/produkt\/krosno-2x35cm-20cm-20szt#breadcrumb"},"inLanguage":"en-US","potentialAction":[{"@type":"ReadAction","target":["https:\/\/b-art.podobraziazdusza.pl\/en\/produkt\/krosno-2x35cm-20cm-20szt"]}]},{"@type":"BreadcrumbList","@id":"https:\/\/b-art.podobraziazdusza.pl\/en\/produkt\/krosno-2x35cm-20cm-20szt#breadcrumb","itemListElement":[{"@type":"ListItem","position":1,"name":"Strona g\u0142\u00f3wna","item":"https:\/\/b-art.podobraziazdusza.pl\/en"},{"@type":"ListItem","position":2,"name":"Shop","item":"https:\/\/b-art.podobraziazdusza.pl\/en\/shop"},{"@type":"ListItem","position":3,"name":"krosno 2&#215;3,5cm 20cm-20szt"}]},{"@type":"WebSite","@id":"https:\/\/b-art.podobraziazdusza.pl\/#website","url":"https:\/\/b-art.podobraziazdusza.pl\/","name":"Podobrazia z dusz\u0105","description":"","publisher":{"@id":"https:\/\/b-art.podobraziazdusza.pl\/#organization"},"potentialAction":[{"@type":"SearchAction","target":{"@type":"EntryPoint","urlTemplate":"https:\/\/b-art.podobraziazdusza.pl\/?s={search_term_string}"},"query-input":"required name=search_term_string"}],"inLanguage":"en-US"},{"@type":"Organization","@id":"https:\/\/b-art.podobraziazdusza.pl\/#organization","name":"Podobrazia z dusz\u0105","url":"https:\/\/b-art.podobraziazdusza.pl\/","logo":{"@type":"ImageObject","inLanguage":"en-US","@id":"https:\/\/b-art.podobraziazdusza.pl\/#\/schema\/logo\/image\/","url":"https:\/\/b-art.podobraziazdusza.pl\/wp-content\/uploads\/2023\/06\/logo.svg","contentUrl":"https:\/\/b-art.podobraziazdusza.pl\/wp-content\/uploads\/2023\/06\/logo.svg","caption":"Podobrazia z dusz\u0105"},"image":{"@id":"https:\/\/b-art.podobraziazdusza.pl\/#\/schema\/logo\/image\/"}}]}},"_links":{"self":[{"href":"https:\/\/b-art.podobraziazdusza.pl\/en\/wp-json\/wp\/v2\/product\/22772","targetHints":{"allow":["GET"]}}],"collection":[{"href":"https:\/\/b-art.podobraziazdusza.pl\/en\/wp-json\/wp\/v2\/product"}],"about":[{"href":"https:\/\/b-art.podobraziazdusza.pl\/en\/wp-json\/wp\/v2\/types\/product"}],"replies":[{"embeddable":true,"href":"https:\/\/b-art.podobraziazdusza.pl\/en\/wp-json\/wp\/v2\/comments?post=22772"}],"wp:featuredmedia":[{"embeddable":true,"href":"https:\/\/b-art.podobraziazdusza.pl\/en\/wp-json\/wp\/v2\/media\/9798"}],"wp:attachment":[{"href":"https:\/\/b-art.podobraziazdusza.pl\/en\/wp-json\/wp\/v2\/media?parent=22772"}],"wp:term":[{"taxonomy":"product_brand","embeddable":true,"href":"https:\/\/b-art.podobraziazdusza.pl\/en\/wp-json\/wp\/v2\/product_brand?post=22772"},{"taxonomy":"product_cat","embeddable":true,"href":"https:\/\/b-art.podobraziazdusza.pl\/en\/wp-json\/wp\/v2\/product_cat?post=22772"},{"taxonomy":"product_tag","embeddable":true,"href":"https:\/\/b-art.podobraziazdusza.pl\/en\/wp-json\/wp\/v2\/product_tag?post=22772"}],"curies":[{"name":"wp","href":"https:\/\/api.w.org\/{rel}","templated":true}]}}