{"id":22593,"date":"2026-05-13T09:00:04","date_gmt":"2026-05-13T09:00:04","guid":{"rendered":"https:\/\/b-art.podobraziazdusza.pl\/produkt\/farba-akrylowa-hybryd-acrylic-2000-ml-kolor-001-bialy"},"modified":"2026-05-13T09:00:04","modified_gmt":"2026-05-13T09:00:04","slug":"farba-akrylowa-hybryd-acrylic-2000-ml-kolor-001-bialy","status":"publish","type":"product","link":"https:\/\/b-art.podobraziazdusza.pl\/en\/produkt\/farba-akrylowa-hybryd-acrylic-2000-ml-kolor-001-bialy","title":{"rendered":"Farba akrylowa Hybryd Acrylic 2000 ml &#8211; kolor 001 bia\u0142y"},"content":{"rendered":"<p>Farba akrylowa Hybryd Acrylic 2000 ml &#8211; kolor 001 bia\u0142y<\/p>\n<p>Hybrid Acrylic for Multi-Surfaces to p\u00f3\u0142matowa farba akrylowa klasy premium, stworzona z my\u015bl\u0105 o projektach upcyklingowych \u2013 zar\u00f3wno tych du\u017cych, jak i ma\u0142ych. Idealnie sprawdzi si\u0119 przy ca\u0142kowitej metamorfozie kuchni lub sypialni, albo po prostu przy od\u015bwie\u017caniu ukochanego mebla. Poniewa\u017c nie wymaga gruntowania ani szlifowania, ta niezwykle popularna farba jest idealnym wyborem do wszelkich prac zwi\u0105zanych z upcyklingiem i renowacj\u0105.<\/p>\n<p>Nowej generacji hybrydowa farba akrylowa na bazie wody o doskona\u0142ej przyczepno\u015bci do ka\u017cdego pod\u0142o\u017ca. Nie wymaga u\u017cycia podk\u0142ad\u00f3w, uszczelniaczy. Do stosowania wewn\u0105trz i na zewn\u0105trz; odporna na wilgo\u0107  i rdz\u0119. Przy u\u017cyciu na szkle, czas schni\u0119cia pierwszej warstwy 12 godz. U\u017cywaj\u0105c na sk\u00f3rze lub tkaninie nale\u017cy farb\u0119 rozcie\u0144czy\u0107. Nie toksyczne. Certyfikat EN71 &#038; CE.<\/p>\n","protected":false},"excerpt":{"rendered":"<p>Farba akrylowa Hybryd Acrylic 2000 ml &#8211; kolor 001 bia\u0142y<\/p>\n","protected":false},"featured_media":0,"comment_status":"open","ping_status":"closed","template":"","meta":[],"product_brand":[],"product_cat":[1423,208],"product_tag":[],"class_list":{"0":"post-22593","1":"product","2":"type-product","3":"status-publish","5":"product_cat-cadence","6":"product_cat-paints","7":"sales-flash-overlay","8":"woocommerce-text-align-center","9":"woocommerce-image-align-center","10":"do-quantity-buttons","12":"first","13":"instock","14":"taxable","15":"shipping-taxable","16":"purchasable","17":"product-type-simple"},"yoast_head":"<!-- This site is optimized with the Yoast SEO plugin v20.12 - https:\/\/yoast.com\/wordpress\/plugins\/seo\/ -->\n<title>Farba akrylowa Hybryd Acrylic 2000 ml - kolor 001 bia\u0142y - Podobrazia z dusz\u0105<\/title>\n<meta name=\"robots\" content=\"noindex, follow, max-snippet:-1, max-image-preview:large, max-video-preview:-1\" \/>\n<meta property=\"og:locale\" content=\"en_US\" \/>\n<meta property=\"og:type\" content=\"article\" \/>\n<meta property=\"og:title\" content=\"Farba akrylowa Hybryd Acrylic 2000 ml - kolor 001 bia\u0142y - Podobrazia z dusz\u0105\" \/>\n<meta property=\"og:description\" content=\"Farba akrylowa Hybryd Acrylic 2000 ml - kolor 001 bia\u0142y\" \/>\n<meta property=\"og:url\" content=\"https:\/\/b-art.podobraziazdusza.pl\/en\/produkt\/farba-akrylowa-hybryd-acrylic-2000-ml-kolor-001-bialy\" \/>\n<meta property=\"og:site_name\" content=\"Podobrazia z dusz\u0105\" \/>\n<meta name=\"twitter:card\" content=\"summary_large_image\" \/>\n<meta name=\"twitter:label1\" content=\"Est. reading time\" \/>\n\t<meta name=\"twitter:data1\" content=\"1 minute\" \/>\n<script type=\"application\/ld+json\" class=\"yoast-schema-graph\">{\"@context\":\"https:\/\/schema.org\",\"@graph\":[{\"@type\":\"WebPage\",\"@id\":\"https:\/\/b-art.podobraziazdusza.pl\/en\/produkt\/farba-akrylowa-hybryd-acrylic-2000-ml-kolor-001-bialy\",\"url\":\"https:\/\/b-art.podobraziazdusza.pl\/en\/produkt\/farba-akrylowa-hybryd-acrylic-2000-ml-kolor-001-bialy\",\"name\":\"Farba akrylowa Hybryd Acrylic 2000 ml - kolor 001 bia\u0142y - Podobrazia z dusz\u0105\",\"isPartOf\":{\"@id\":\"https:\/\/b-art.podobraziazdusza.pl\/#website\"},\"datePublished\":\"2026-05-13T09:00:04+00:00\",\"dateModified\":\"2026-05-13T09:00:04+00:00\",\"breadcrumb\":{\"@id\":\"https:\/\/b-art.podobraziazdusza.pl\/en\/produkt\/farba-akrylowa-hybryd-acrylic-2000-ml-kolor-001-bialy#breadcrumb\"},\"inLanguage\":\"en-US\",\"potentialAction\":[{\"@type\":\"ReadAction\",\"target\":[\"https:\/\/b-art.podobraziazdusza.pl\/en\/produkt\/farba-akrylowa-hybryd-acrylic-2000-ml-kolor-001-bialy\"]}]},{\"@type\":\"BreadcrumbList\",\"@id\":\"https:\/\/b-art.podobraziazdusza.pl\/en\/produkt\/farba-akrylowa-hybryd-acrylic-2000-ml-kolor-001-bialy#breadcrumb\",\"itemListElement\":[{\"@type\":\"ListItem\",\"position\":1,\"name\":\"Strona g\u0142\u00f3wna\",\"item\":\"https:\/\/b-art.podobraziazdusza.pl\/en\"},{\"@type\":\"ListItem\",\"position\":2,\"name\":\"Shop\",\"item\":\"https:\/\/b-art.podobraziazdusza.pl\/en\/shop\"},{\"@type\":\"ListItem\",\"position\":3,\"name\":\"Farba akrylowa Hybryd Acrylic 2000 ml &#8211; kolor 001 bia\u0142y\"}]},{\"@type\":\"WebSite\",\"@id\":\"https:\/\/b-art.podobraziazdusza.pl\/#website\",\"url\":\"https:\/\/b-art.podobraziazdusza.pl\/\",\"name\":\"Podobrazia z dusz\u0105\",\"description\":\"\",\"publisher\":{\"@id\":\"https:\/\/b-art.podobraziazdusza.pl\/#organization\"},\"potentialAction\":[{\"@type\":\"SearchAction\",\"target\":{\"@type\":\"EntryPoint\",\"urlTemplate\":\"https:\/\/b-art.podobraziazdusza.pl\/?s={search_term_string}\"},\"query-input\":\"required name=search_term_string\"}],\"inLanguage\":\"en-US\"},{\"@type\":\"Organization\",\"@id\":\"https:\/\/b-art.podobraziazdusza.pl\/#organization\",\"name\":\"Podobrazia z dusz\u0105\",\"url\":\"https:\/\/b-art.podobraziazdusza.pl\/\",\"logo\":{\"@type\":\"ImageObject\",\"inLanguage\":\"en-US\",\"@id\":\"https:\/\/b-art.podobraziazdusza.pl\/#\/schema\/logo\/image\/\",\"url\":\"https:\/\/b-art.podobraziazdusza.pl\/wp-content\/uploads\/2023\/06\/logo.svg\",\"contentUrl\":\"https:\/\/b-art.podobraziazdusza.pl\/wp-content\/uploads\/2023\/06\/logo.svg\",\"caption\":\"Podobrazia z dusz\u0105\"},\"image\":{\"@id\":\"https:\/\/b-art.podobraziazdusza.pl\/#\/schema\/logo\/image\/\"}}]}<\/script>\n<!-- \/ Yoast SEO plugin. -->","yoast_head_json":{"title":"Farba akrylowa Hybryd Acrylic 2000 ml - kolor 001 bia\u0142y - Podobrazia z dusz\u0105","robots":{"index":"noindex","follow":"follow","max-snippet":"max-snippet:-1","max-image-preview":"max-image-preview:large","max-video-preview":"max-video-preview:-1"},"og_locale":"en_US","og_type":"article","og_title":"Farba akrylowa Hybryd Acrylic 2000 ml - kolor 001 bia\u0142y - Podobrazia z dusz\u0105","og_description":"Farba akrylowa Hybryd Acrylic 2000 ml - kolor 001 bia\u0142y","og_url":"https:\/\/b-art.podobraziazdusza.pl\/en\/produkt\/farba-akrylowa-hybryd-acrylic-2000-ml-kolor-001-bialy","og_site_name":"Podobrazia z dusz\u0105","twitter_card":"summary_large_image","twitter_misc":{"Est. reading time":"1 minute"},"schema":{"@context":"https:\/\/schema.org","@graph":[{"@type":"WebPage","@id":"https:\/\/b-art.podobraziazdusza.pl\/en\/produkt\/farba-akrylowa-hybryd-acrylic-2000-ml-kolor-001-bialy","url":"https:\/\/b-art.podobraziazdusza.pl\/en\/produkt\/farba-akrylowa-hybryd-acrylic-2000-ml-kolor-001-bialy","name":"Farba akrylowa Hybryd Acrylic 2000 ml - kolor 001 bia\u0142y - Podobrazia z dusz\u0105","isPartOf":{"@id":"https:\/\/b-art.podobraziazdusza.pl\/#website"},"datePublished":"2026-05-13T09:00:04+00:00","dateModified":"2026-05-13T09:00:04+00:00","breadcrumb":{"@id":"https:\/\/b-art.podobraziazdusza.pl\/en\/produkt\/farba-akrylowa-hybryd-acrylic-2000-ml-kolor-001-bialy#breadcrumb"},"inLanguage":"en-US","potentialAction":[{"@type":"ReadAction","target":["https:\/\/b-art.podobraziazdusza.pl\/en\/produkt\/farba-akrylowa-hybryd-acrylic-2000-ml-kolor-001-bialy"]}]},{"@type":"BreadcrumbList","@id":"https:\/\/b-art.podobraziazdusza.pl\/en\/produkt\/farba-akrylowa-hybryd-acrylic-2000-ml-kolor-001-bialy#breadcrumb","itemListElement":[{"@type":"ListItem","position":1,"name":"Strona g\u0142\u00f3wna","item":"https:\/\/b-art.podobraziazdusza.pl\/en"},{"@type":"ListItem","position":2,"name":"Shop","item":"https:\/\/b-art.podobraziazdusza.pl\/en\/shop"},{"@type":"ListItem","position":3,"name":"Farba akrylowa Hybryd Acrylic 2000 ml &#8211; kolor 001 bia\u0142y"}]},{"@type":"WebSite","@id":"https:\/\/b-art.podobraziazdusza.pl\/#website","url":"https:\/\/b-art.podobraziazdusza.pl\/","name":"Podobrazia z dusz\u0105","description":"","publisher":{"@id":"https:\/\/b-art.podobraziazdusza.pl\/#organization"},"potentialAction":[{"@type":"SearchAction","target":{"@type":"EntryPoint","urlTemplate":"https:\/\/b-art.podobraziazdusza.pl\/?s={search_term_string}"},"query-input":"required name=search_term_string"}],"inLanguage":"en-US"},{"@type":"Organization","@id":"https:\/\/b-art.podobraziazdusza.pl\/#organization","name":"Podobrazia z dusz\u0105","url":"https:\/\/b-art.podobraziazdusza.pl\/","logo":{"@type":"ImageObject","inLanguage":"en-US","@id":"https:\/\/b-art.podobraziazdusza.pl\/#\/schema\/logo\/image\/","url":"https:\/\/b-art.podobraziazdusza.pl\/wp-content\/uploads\/2023\/06\/logo.svg","contentUrl":"https:\/\/b-art.podobraziazdusza.pl\/wp-content\/uploads\/2023\/06\/logo.svg","caption":"Podobrazia z dusz\u0105"},"image":{"@id":"https:\/\/b-art.podobraziazdusza.pl\/#\/schema\/logo\/image\/"}}]}},"_links":{"self":[{"href":"https:\/\/b-art.podobraziazdusza.pl\/en\/wp-json\/wp\/v2\/product\/22593","targetHints":{"allow":["GET"]}}],"collection":[{"href":"https:\/\/b-art.podobraziazdusza.pl\/en\/wp-json\/wp\/v2\/product"}],"about":[{"href":"https:\/\/b-art.podobraziazdusza.pl\/en\/wp-json\/wp\/v2\/types\/product"}],"replies":[{"embeddable":true,"href":"https:\/\/b-art.podobraziazdusza.pl\/en\/wp-json\/wp\/v2\/comments?post=22593"}],"wp:attachment":[{"href":"https:\/\/b-art.podobraziazdusza.pl\/en\/wp-json\/wp\/v2\/media?parent=22593"}],"wp:term":[{"taxonomy":"product_brand","embeddable":true,"href":"https:\/\/b-art.podobraziazdusza.pl\/en\/wp-json\/wp\/v2\/product_brand?post=22593"},{"taxonomy":"product_cat","embeddable":true,"href":"https:\/\/b-art.podobraziazdusza.pl\/en\/wp-json\/wp\/v2\/product_cat?post=22593"},{"taxonomy":"product_tag","embeddable":true,"href":"https:\/\/b-art.podobraziazdusza.pl\/en\/wp-json\/wp\/v2\/product_tag?post=22593"}],"curies":[{"name":"wp","href":"https:\/\/api.w.org\/{rel}","templated":true}]}}