{"id":22591,"date":"2026-05-13T09:00:05","date_gmt":"2026-05-13T09:00:05","guid":{"rendered":"https:\/\/b-art.podobraziazdusza.pl\/produkt\/farba-do-swiec-kolor-2132"},"modified":"2026-05-13T09:00:05","modified_gmt":"2026-05-13T09:00:05","slug":"farba-do-swiec-kolor-2132","status":"publish","type":"product","link":"https:\/\/b-art.podobraziazdusza.pl\/en\/produkt\/farba-do-swiec-kolor-2132","title":{"rendered":"Farba do \u015bwiec &#8211; kolor 2132"},"content":{"rendered":"<p>Farba do \u015bwiec &#8211; kolor 2132<\/p>\n<p>Stworzone, aby bez problemu pokrywa\u0107 powierzchnie na bazie wosku. Idealnie sprawdzi si\u0119 przy dekorowaniu \u015bwiec na Bo\u017ce Narodzenie, specjalne okazje, a tak\u017ce tych u\u017cywanych na co dzie\u0144.<\/p>\n<p>Szybkoschn\u0105ca farba wodna do malowania i ozdabiania \u015bwiec, myde\u0142 i innych przedmiot\u00f3w z baz\u0105 woskow\u0105. Zalecane dwie warstwy rozprowadzone p\u0119dzlem lub g\u0105bk\u0105. Nie toksyczne. Certyfikat EN71 &#038; CE<\/p>\n","protected":false},"excerpt":{"rendered":"<p>Farba do \u015bwiec &#8211; kolor 2132<\/p>\n","protected":false},"featured_media":0,"comment_status":"open","ping_status":"closed","template":"","meta":[],"product_brand":[],"product_cat":[1427,208],"product_tag":[],"class_list":{"0":"post-22591","1":"product","2":"type-product","3":"status-publish","5":"product_cat-do-swiec","6":"product_cat-paints","7":"sales-flash-overlay","8":"woocommerce-text-align-center","9":"woocommerce-image-align-center","10":"do-quantity-buttons","12":"first","13":"instock","14":"taxable","15":"shipping-taxable","16":"purchasable","17":"product-type-simple"},"yoast_head":"<!-- This site is optimized with the Yoast SEO plugin v20.12 - https:\/\/yoast.com\/wordpress\/plugins\/seo\/ -->\n<title>Farba do \u015bwiec - kolor 2132 - Podobrazia z dusz\u0105<\/title>\n<meta name=\"robots\" content=\"noindex, follow, max-snippet:-1, max-image-preview:large, max-video-preview:-1\" \/>\n<meta property=\"og:locale\" content=\"en_US\" \/>\n<meta property=\"og:type\" content=\"article\" \/>\n<meta property=\"og:title\" content=\"Farba do \u015bwiec - kolor 2132 - Podobrazia z dusz\u0105\" \/>\n<meta property=\"og:description\" content=\"Farba do \u015bwiec - kolor 2132\" \/>\n<meta property=\"og:url\" content=\"https:\/\/b-art.podobraziazdusza.pl\/en\/produkt\/farba-do-swiec-kolor-2132\" \/>\n<meta property=\"og:site_name\" content=\"Podobrazia z dusz\u0105\" \/>\n<meta name=\"twitter:card\" content=\"summary_large_image\" \/>\n<script type=\"application\/ld+json\" class=\"yoast-schema-graph\">{\"@context\":\"https:\/\/schema.org\",\"@graph\":[{\"@type\":\"WebPage\",\"@id\":\"https:\/\/b-art.podobraziazdusza.pl\/en\/produkt\/farba-do-swiec-kolor-2132\",\"url\":\"https:\/\/b-art.podobraziazdusza.pl\/en\/produkt\/farba-do-swiec-kolor-2132\",\"name\":\"Farba do \u015bwiec - kolor 2132 - Podobrazia z dusz\u0105\",\"isPartOf\":{\"@id\":\"https:\/\/b-art.podobraziazdusza.pl\/#website\"},\"datePublished\":\"2026-05-13T09:00:05+00:00\",\"dateModified\":\"2026-05-13T09:00:05+00:00\",\"breadcrumb\":{\"@id\":\"https:\/\/b-art.podobraziazdusza.pl\/en\/produkt\/farba-do-swiec-kolor-2132#breadcrumb\"},\"inLanguage\":\"en-US\",\"potentialAction\":[{\"@type\":\"ReadAction\",\"target\":[\"https:\/\/b-art.podobraziazdusza.pl\/en\/produkt\/farba-do-swiec-kolor-2132\"]}]},{\"@type\":\"BreadcrumbList\",\"@id\":\"https:\/\/b-art.podobraziazdusza.pl\/en\/produkt\/farba-do-swiec-kolor-2132#breadcrumb\",\"itemListElement\":[{\"@type\":\"ListItem\",\"position\":1,\"name\":\"Strona g\u0142\u00f3wna\",\"item\":\"https:\/\/b-art.podobraziazdusza.pl\/en\"},{\"@type\":\"ListItem\",\"position\":2,\"name\":\"Shop\",\"item\":\"https:\/\/b-art.podobraziazdusza.pl\/en\/shop\"},{\"@type\":\"ListItem\",\"position\":3,\"name\":\"Farba do \u015bwiec &#8211; kolor 2132\"}]},{\"@type\":\"WebSite\",\"@id\":\"https:\/\/b-art.podobraziazdusza.pl\/#website\",\"url\":\"https:\/\/b-art.podobraziazdusza.pl\/\",\"name\":\"Podobrazia z dusz\u0105\",\"description\":\"\",\"publisher\":{\"@id\":\"https:\/\/b-art.podobraziazdusza.pl\/#organization\"},\"potentialAction\":[{\"@type\":\"SearchAction\",\"target\":{\"@type\":\"EntryPoint\",\"urlTemplate\":\"https:\/\/b-art.podobraziazdusza.pl\/?s={search_term_string}\"},\"query-input\":\"required name=search_term_string\"}],\"inLanguage\":\"en-US\"},{\"@type\":\"Organization\",\"@id\":\"https:\/\/b-art.podobraziazdusza.pl\/#organization\",\"name\":\"Podobrazia z dusz\u0105\",\"url\":\"https:\/\/b-art.podobraziazdusza.pl\/\",\"logo\":{\"@type\":\"ImageObject\",\"inLanguage\":\"en-US\",\"@id\":\"https:\/\/b-art.podobraziazdusza.pl\/#\/schema\/logo\/image\/\",\"url\":\"https:\/\/b-art.podobraziazdusza.pl\/wp-content\/uploads\/2023\/06\/logo.svg\",\"contentUrl\":\"https:\/\/b-art.podobraziazdusza.pl\/wp-content\/uploads\/2023\/06\/logo.svg\",\"caption\":\"Podobrazia z dusz\u0105\"},\"image\":{\"@id\":\"https:\/\/b-art.podobraziazdusza.pl\/#\/schema\/logo\/image\/\"}}]}<\/script>\n<!-- \/ Yoast SEO plugin. -->","yoast_head_json":{"title":"Farba do \u015bwiec - kolor 2132 - Podobrazia z dusz\u0105","robots":{"index":"noindex","follow":"follow","max-snippet":"max-snippet:-1","max-image-preview":"max-image-preview:large","max-video-preview":"max-video-preview:-1"},"og_locale":"en_US","og_type":"article","og_title":"Farba do \u015bwiec - kolor 2132 - Podobrazia z dusz\u0105","og_description":"Farba do \u015bwiec - kolor 2132","og_url":"https:\/\/b-art.podobraziazdusza.pl\/en\/produkt\/farba-do-swiec-kolor-2132","og_site_name":"Podobrazia z dusz\u0105","twitter_card":"summary_large_image","schema":{"@context":"https:\/\/schema.org","@graph":[{"@type":"WebPage","@id":"https:\/\/b-art.podobraziazdusza.pl\/en\/produkt\/farba-do-swiec-kolor-2132","url":"https:\/\/b-art.podobraziazdusza.pl\/en\/produkt\/farba-do-swiec-kolor-2132","name":"Farba do \u015bwiec - kolor 2132 - Podobrazia z dusz\u0105","isPartOf":{"@id":"https:\/\/b-art.podobraziazdusza.pl\/#website"},"datePublished":"2026-05-13T09:00:05+00:00","dateModified":"2026-05-13T09:00:05+00:00","breadcrumb":{"@id":"https:\/\/b-art.podobraziazdusza.pl\/en\/produkt\/farba-do-swiec-kolor-2132#breadcrumb"},"inLanguage":"en-US","potentialAction":[{"@type":"ReadAction","target":["https:\/\/b-art.podobraziazdusza.pl\/en\/produkt\/farba-do-swiec-kolor-2132"]}]},{"@type":"BreadcrumbList","@id":"https:\/\/b-art.podobraziazdusza.pl\/en\/produkt\/farba-do-swiec-kolor-2132#breadcrumb","itemListElement":[{"@type":"ListItem","position":1,"name":"Strona g\u0142\u00f3wna","item":"https:\/\/b-art.podobraziazdusza.pl\/en"},{"@type":"ListItem","position":2,"name":"Shop","item":"https:\/\/b-art.podobraziazdusza.pl\/en\/shop"},{"@type":"ListItem","position":3,"name":"Farba do \u015bwiec &#8211; kolor 2132"}]},{"@type":"WebSite","@id":"https:\/\/b-art.podobraziazdusza.pl\/#website","url":"https:\/\/b-art.podobraziazdusza.pl\/","name":"Podobrazia z dusz\u0105","description":"","publisher":{"@id":"https:\/\/b-art.podobraziazdusza.pl\/#organization"},"potentialAction":[{"@type":"SearchAction","target":{"@type":"EntryPoint","urlTemplate":"https:\/\/b-art.podobraziazdusza.pl\/?s={search_term_string}"},"query-input":"required name=search_term_string"}],"inLanguage":"en-US"},{"@type":"Organization","@id":"https:\/\/b-art.podobraziazdusza.pl\/#organization","name":"Podobrazia z dusz\u0105","url":"https:\/\/b-art.podobraziazdusza.pl\/","logo":{"@type":"ImageObject","inLanguage":"en-US","@id":"https:\/\/b-art.podobraziazdusza.pl\/#\/schema\/logo\/image\/","url":"https:\/\/b-art.podobraziazdusza.pl\/wp-content\/uploads\/2023\/06\/logo.svg","contentUrl":"https:\/\/b-art.podobraziazdusza.pl\/wp-content\/uploads\/2023\/06\/logo.svg","caption":"Podobrazia z dusz\u0105"},"image":{"@id":"https:\/\/b-art.podobraziazdusza.pl\/#\/schema\/logo\/image\/"}}]}},"_links":{"self":[{"href":"https:\/\/b-art.podobraziazdusza.pl\/en\/wp-json\/wp\/v2\/product\/22591","targetHints":{"allow":["GET"]}}],"collection":[{"href":"https:\/\/b-art.podobraziazdusza.pl\/en\/wp-json\/wp\/v2\/product"}],"about":[{"href":"https:\/\/b-art.podobraziazdusza.pl\/en\/wp-json\/wp\/v2\/types\/product"}],"replies":[{"embeddable":true,"href":"https:\/\/b-art.podobraziazdusza.pl\/en\/wp-json\/wp\/v2\/comments?post=22591"}],"wp:attachment":[{"href":"https:\/\/b-art.podobraziazdusza.pl\/en\/wp-json\/wp\/v2\/media?parent=22591"}],"wp:term":[{"taxonomy":"product_brand","embeddable":true,"href":"https:\/\/b-art.podobraziazdusza.pl\/en\/wp-json\/wp\/v2\/product_brand?post=22591"},{"taxonomy":"product_cat","embeddable":true,"href":"https:\/\/b-art.podobraziazdusza.pl\/en\/wp-json\/wp\/v2\/product_cat?post=22591"},{"taxonomy":"product_tag","embeddable":true,"href":"https:\/\/b-art.podobraziazdusza.pl\/en\/wp-json\/wp\/v2\/product_tag?post=22591"}],"curies":[{"name":"wp","href":"https:\/\/api.w.org\/{rel}","templated":true}]}}