{"id":22319,"date":"2026-05-13T09:03:04","date_gmt":"2026-05-13T09:03:04","guid":{"rendered":"https:\/\/b-art.podobraziazdusza.pl\/produkt\/krosno-2-8x55-cm-60-2-szt"},"modified":"2026-05-13T09:03:04","modified_gmt":"2026-05-13T09:03:04","slug":"krosno-2-8x55-cm-60-2-szt","status":"publish","type":"product","link":"https:\/\/b-art.podobraziazdusza.pl\/en\/produkt\/krosno-2-8x55-cm-60-2-szt","title":{"rendered":"krosno 2.8&#215;5,5 cm 60 &#8211; 2 szt"},"content":{"rendered":"<p>Krosno &#8220;king size&#8221; o pot\u0119\u017cnym przekroju 2.8&#215;5,5 cm &#8211; jest to starsza wersja dost\u0119pnych obecnie krosien 3&#215;5.5 cm.. Ten produkt to dwie listewki o wymiarze 60cm. 2.8cm to grubo\u015b\u0107 krosna &#8211; czyli wymiar widoczny z boku podobrazia.<br \/>\n Krosna king size wykonane s\u0105 z bezs\u0119cznego drewna sosnowego klejonego na d\u0142ugo\u015bci.<br \/>\n ten wymiar standardowo nie ma otwor\u00f3w na poprzeczk\u0119. UWAGA &#8211; mo\u017ce si\u0119 zdarzy\u0107 \u017ce krosna b\u0119d\u0105 posiada\u0142y jakie\u015b wady w tym takie kt\u00f3re uniemo\u017cliwi\u0105 z\u0142o\u017cenie prawid\u0142owego zestawu. W takim przypadku zwr\u00f3cimy za nie pieni\u0105dze, bez koszt\u00f3w dostawy.<\/p>\n","protected":false},"excerpt":{"rendered":"<p>Krosno &#8220;king size&#8221; o pot\u0119\u017cnym przekroju 2.8&#215;5,5 cm &#8211; rozmiar 60cm\/n Krosna king size wykonane s\u0105 z bezs\u0119cznego drewna sosnowego klejonego na d\u0142ugo\u015bci.<\/p>\n","protected":false},"featured_media":0,"comment_status":"closed","ping_status":"closed","template":"","meta":[],"product_brand":[],"product_cat":[263,212],"product_tag":[],"class_list":{"0":"post-22319","1":"product","2":"type-product","3":"status-publish","5":"product_cat-sale-2-8x5-5","6":"product_cat-stretcher-bars","7":"sales-flash-overlay","8":"woocommerce-text-align-center","9":"woocommerce-image-align-center","10":"do-quantity-buttons","12":"first","13":"instock","14":"sale","15":"taxable","16":"shipping-taxable","17":"purchasable","18":"product-type-simple"},"yoast_head":"<!-- This site is optimized with the Yoast SEO plugin v20.12 - https:\/\/yoast.com\/wordpress\/plugins\/seo\/ -->\n<title>krosno 2.8x5,5 cm 60 - 2 szt - Podobrazia z dusz\u0105<\/title>\n<meta name=\"robots\" content=\"noindex, follow, max-snippet:-1, max-image-preview:large, max-video-preview:-1\" \/>\n<meta property=\"og:locale\" content=\"en_US\" \/>\n<meta property=\"og:type\" content=\"article\" \/>\n<meta property=\"og:title\" content=\"krosno 2.8x5,5 cm 60 - 2 szt - Podobrazia z dusz\u0105\" \/>\n<meta property=\"og:description\" content=\"Krosno &quot;king size&quot; o pot\u0119\u017cnym przekroju 2.8x5,5 cm - rozmiar 60cm\/n Krosna king size wykonane s\u0105 z bezs\u0119cznego drewna sosnowego klejonego na d\u0142ugo\u015bci.\" \/>\n<meta property=\"og:url\" content=\"https:\/\/b-art.podobraziazdusza.pl\/en\/produkt\/krosno-2-8x55-cm-60-2-szt\" \/>\n<meta property=\"og:site_name\" content=\"Podobrazia z dusz\u0105\" \/>\n<meta name=\"twitter:card\" content=\"summary_large_image\" \/>\n<meta name=\"twitter:label1\" content=\"Est. reading time\" \/>\n\t<meta name=\"twitter:data1\" content=\"1 minute\" \/>\n<script type=\"application\/ld+json\" class=\"yoast-schema-graph\">{\"@context\":\"https:\/\/schema.org\",\"@graph\":[{\"@type\":\"WebPage\",\"@id\":\"https:\/\/b-art.podobraziazdusza.pl\/en\/produkt\/krosno-2-8x55-cm-60-2-szt\",\"url\":\"https:\/\/b-art.podobraziazdusza.pl\/en\/produkt\/krosno-2-8x55-cm-60-2-szt\",\"name\":\"krosno 2.8x5,5 cm 60 - 2 szt - Podobrazia z dusz\u0105\",\"isPartOf\":{\"@id\":\"https:\/\/b-art.podobraziazdusza.pl\/#website\"},\"datePublished\":\"2026-05-13T09:03:04+00:00\",\"dateModified\":\"2026-05-13T09:03:04+00:00\",\"breadcrumb\":{\"@id\":\"https:\/\/b-art.podobraziazdusza.pl\/en\/produkt\/krosno-2-8x55-cm-60-2-szt#breadcrumb\"},\"inLanguage\":\"en-US\",\"potentialAction\":[{\"@type\":\"ReadAction\",\"target\":[\"https:\/\/b-art.podobraziazdusza.pl\/en\/produkt\/krosno-2-8x55-cm-60-2-szt\"]}]},{\"@type\":\"BreadcrumbList\",\"@id\":\"https:\/\/b-art.podobraziazdusza.pl\/en\/produkt\/krosno-2-8x55-cm-60-2-szt#breadcrumb\",\"itemListElement\":[{\"@type\":\"ListItem\",\"position\":1,\"name\":\"Strona g\u0142\u00f3wna\",\"item\":\"https:\/\/b-art.podobraziazdusza.pl\/en\"},{\"@type\":\"ListItem\",\"position\":2,\"name\":\"Shop\",\"item\":\"https:\/\/b-art.podobraziazdusza.pl\/en\/shop\"},{\"@type\":\"ListItem\",\"position\":3,\"name\":\"krosno 2.8&#215;5,5 cm 60 &#8211; 2 szt\"}]},{\"@type\":\"WebSite\",\"@id\":\"https:\/\/b-art.podobraziazdusza.pl\/#website\",\"url\":\"https:\/\/b-art.podobraziazdusza.pl\/\",\"name\":\"Podobrazia z dusz\u0105\",\"description\":\"\",\"publisher\":{\"@id\":\"https:\/\/b-art.podobraziazdusza.pl\/#organization\"},\"potentialAction\":[{\"@type\":\"SearchAction\",\"target\":{\"@type\":\"EntryPoint\",\"urlTemplate\":\"https:\/\/b-art.podobraziazdusza.pl\/?s={search_term_string}\"},\"query-input\":\"required name=search_term_string\"}],\"inLanguage\":\"en-US\"},{\"@type\":\"Organization\",\"@id\":\"https:\/\/b-art.podobraziazdusza.pl\/#organization\",\"name\":\"Podobrazia z dusz\u0105\",\"url\":\"https:\/\/b-art.podobraziazdusza.pl\/\",\"logo\":{\"@type\":\"ImageObject\",\"inLanguage\":\"en-US\",\"@id\":\"https:\/\/b-art.podobraziazdusza.pl\/#\/schema\/logo\/image\/\",\"url\":\"https:\/\/b-art.podobraziazdusza.pl\/wp-content\/uploads\/2023\/06\/logo.svg\",\"contentUrl\":\"https:\/\/b-art.podobraziazdusza.pl\/wp-content\/uploads\/2023\/06\/logo.svg\",\"caption\":\"Podobrazia z dusz\u0105\"},\"image\":{\"@id\":\"https:\/\/b-art.podobraziazdusza.pl\/#\/schema\/logo\/image\/\"}}]}<\/script>\n<!-- \/ Yoast SEO plugin. -->","yoast_head_json":{"title":"krosno 2.8x5,5 cm 60 - 2 szt - Podobrazia z dusz\u0105","robots":{"index":"noindex","follow":"follow","max-snippet":"max-snippet:-1","max-image-preview":"max-image-preview:large","max-video-preview":"max-video-preview:-1"},"og_locale":"en_US","og_type":"article","og_title":"krosno 2.8x5,5 cm 60 - 2 szt - Podobrazia z dusz\u0105","og_description":"Krosno \"king size\" o pot\u0119\u017cnym przekroju 2.8x5,5 cm - rozmiar 60cm\/n Krosna king size wykonane s\u0105 z bezs\u0119cznego drewna sosnowego klejonego na d\u0142ugo\u015bci.","og_url":"https:\/\/b-art.podobraziazdusza.pl\/en\/produkt\/krosno-2-8x55-cm-60-2-szt","og_site_name":"Podobrazia z dusz\u0105","twitter_card":"summary_large_image","twitter_misc":{"Est. reading time":"1 minute"},"schema":{"@context":"https:\/\/schema.org","@graph":[{"@type":"WebPage","@id":"https:\/\/b-art.podobraziazdusza.pl\/en\/produkt\/krosno-2-8x55-cm-60-2-szt","url":"https:\/\/b-art.podobraziazdusza.pl\/en\/produkt\/krosno-2-8x55-cm-60-2-szt","name":"krosno 2.8x5,5 cm 60 - 2 szt - Podobrazia z dusz\u0105","isPartOf":{"@id":"https:\/\/b-art.podobraziazdusza.pl\/#website"},"datePublished":"2026-05-13T09:03:04+00:00","dateModified":"2026-05-13T09:03:04+00:00","breadcrumb":{"@id":"https:\/\/b-art.podobraziazdusza.pl\/en\/produkt\/krosno-2-8x55-cm-60-2-szt#breadcrumb"},"inLanguage":"en-US","potentialAction":[{"@type":"ReadAction","target":["https:\/\/b-art.podobraziazdusza.pl\/en\/produkt\/krosno-2-8x55-cm-60-2-szt"]}]},{"@type":"BreadcrumbList","@id":"https:\/\/b-art.podobraziazdusza.pl\/en\/produkt\/krosno-2-8x55-cm-60-2-szt#breadcrumb","itemListElement":[{"@type":"ListItem","position":1,"name":"Strona g\u0142\u00f3wna","item":"https:\/\/b-art.podobraziazdusza.pl\/en"},{"@type":"ListItem","position":2,"name":"Shop","item":"https:\/\/b-art.podobraziazdusza.pl\/en\/shop"},{"@type":"ListItem","position":3,"name":"krosno 2.8&#215;5,5 cm 60 &#8211; 2 szt"}]},{"@type":"WebSite","@id":"https:\/\/b-art.podobraziazdusza.pl\/#website","url":"https:\/\/b-art.podobraziazdusza.pl\/","name":"Podobrazia z dusz\u0105","description":"","publisher":{"@id":"https:\/\/b-art.podobraziazdusza.pl\/#organization"},"potentialAction":[{"@type":"SearchAction","target":{"@type":"EntryPoint","urlTemplate":"https:\/\/b-art.podobraziazdusza.pl\/?s={search_term_string}"},"query-input":"required name=search_term_string"}],"inLanguage":"en-US"},{"@type":"Organization","@id":"https:\/\/b-art.podobraziazdusza.pl\/#organization","name":"Podobrazia z dusz\u0105","url":"https:\/\/b-art.podobraziazdusza.pl\/","logo":{"@type":"ImageObject","inLanguage":"en-US","@id":"https:\/\/b-art.podobraziazdusza.pl\/#\/schema\/logo\/image\/","url":"https:\/\/b-art.podobraziazdusza.pl\/wp-content\/uploads\/2023\/06\/logo.svg","contentUrl":"https:\/\/b-art.podobraziazdusza.pl\/wp-content\/uploads\/2023\/06\/logo.svg","caption":"Podobrazia z dusz\u0105"},"image":{"@id":"https:\/\/b-art.podobraziazdusza.pl\/#\/schema\/logo\/image\/"}}]}},"_links":{"self":[{"href":"https:\/\/b-art.podobraziazdusza.pl\/en\/wp-json\/wp\/v2\/product\/22319","targetHints":{"allow":["GET"]}}],"collection":[{"href":"https:\/\/b-art.podobraziazdusza.pl\/en\/wp-json\/wp\/v2\/product"}],"about":[{"href":"https:\/\/b-art.podobraziazdusza.pl\/en\/wp-json\/wp\/v2\/types\/product"}],"replies":[{"embeddable":true,"href":"https:\/\/b-art.podobraziazdusza.pl\/en\/wp-json\/wp\/v2\/comments?post=22319"}],"wp:attachment":[{"href":"https:\/\/b-art.podobraziazdusza.pl\/en\/wp-json\/wp\/v2\/media?parent=22319"}],"wp:term":[{"taxonomy":"product_brand","embeddable":true,"href":"https:\/\/b-art.podobraziazdusza.pl\/en\/wp-json\/wp\/v2\/product_brand?post=22319"},{"taxonomy":"product_cat","embeddable":true,"href":"https:\/\/b-art.podobraziazdusza.pl\/en\/wp-json\/wp\/v2\/product_cat?post=22319"},{"taxonomy":"product_tag","embeddable":true,"href":"https:\/\/b-art.podobraziazdusza.pl\/en\/wp-json\/wp\/v2\/product_tag?post=22319"}],"curies":[{"name":"wp","href":"https:\/\/api.w.org\/{rel}","templated":true}]}}