{"id":22317,"date":"2026-05-13T09:03:05","date_gmt":"2026-05-13T09:03:05","guid":{"rendered":"https:\/\/b-art.podobraziazdusza.pl\/produkt\/ekspresowa-realizacja"},"modified":"2026-05-13T09:03:05","modified_gmt":"2026-05-13T09:03:05","slug":"ekspresowa-realizacja","status":"publish","type":"product","link":"https:\/\/b-art.podobraziazdusza.pl\/en\/produkt\/ekspresowa-realizacja","title":{"rendered":"ekspresowa realizacja"},"content":{"rendered":"<p>zam\u00f3wienia w naszym sklepiej wysy\u0142amy w 24 &#8211; 48 godzin, je\u015bli wa\u017cna jest dla pa\u0144\u015btwa wysy\u0142ka w 24 godziny lub w miar\u0119 mo\u017cliwo\u015bci tego samego dnia prosimy o wybranie tej opcji (wysy\u0142ka tego samego dnia mo\u017cliwa jest dla zam\u00f3wie\u0144 z\u0142o\u017conych rano). Wybranie tej opcji nie gwarantuje wysy\u0142ki eskpresowej &#8211; gdyby nie uda\u0142o si\u0119 z jaki\u015b powod\u00f3w jej zrealizowa\u0107 to dop\u0142at\u0119 zwr\u00f3cimy &#8211; a je\u015bli jakie\u015b zam\u00f3wienie musi wyjecha\u0107 tedo samego dnia inaczej nie b\u0119dzie realizowane &#8211; to prosimy o telefon by upewni\u0107 si\u0119 o mo\u017cliwo\u015bci takiej realizacji.<\/p>\n","protected":false},"excerpt":{"rendered":"<p>ekspresowa realizacja<\/p>\n","protected":false},"featured_media":0,"comment_status":"closed","ping_status":"closed","template":"","meta":[],"product_brand":[],"product_cat":[1302],"product_tag":[],"class_list":{"0":"post-22317","1":"product","2":"type-product","3":"status-publish","5":"product_cat-oplaty-i-uslugi-dodatkowe-2","6":"sales-flash-overlay","7":"woocommerce-text-align-center","8":"woocommerce-image-align-center","9":"do-quantity-buttons","11":"first","12":"instock","13":"taxable","14":"shipping-taxable","15":"purchasable","16":"product-type-simple"},"yoast_head":"<!-- This site is optimized with the Yoast SEO plugin v20.12 - https:\/\/yoast.com\/wordpress\/plugins\/seo\/ -->\n<title>ekspresowa realizacja - Podobrazia z dusz\u0105<\/title>\n<meta name=\"robots\" content=\"noindex, follow, max-snippet:-1, max-image-preview:large, max-video-preview:-1\" \/>\n<meta property=\"og:locale\" content=\"en_US\" \/>\n<meta property=\"og:type\" content=\"article\" \/>\n<meta property=\"og:title\" content=\"ekspresowa realizacja - Podobrazia z dusz\u0105\" \/>\n<meta property=\"og:description\" content=\"ekspresowa realizacja\" \/>\n<meta property=\"og:url\" content=\"https:\/\/b-art.podobraziazdusza.pl\/en\/produkt\/ekspresowa-realizacja\" \/>\n<meta property=\"og:site_name\" content=\"Podobrazia z dusz\u0105\" \/>\n<meta name=\"twitter:card\" content=\"summary_large_image\" \/>\n<meta name=\"twitter:label1\" content=\"Est. reading time\" \/>\n\t<meta name=\"twitter:data1\" content=\"1 minute\" \/>\n<script type=\"application\/ld+json\" class=\"yoast-schema-graph\">{\"@context\":\"https:\/\/schema.org\",\"@graph\":[{\"@type\":\"WebPage\",\"@id\":\"https:\/\/b-art.podobraziazdusza.pl\/en\/produkt\/ekspresowa-realizacja\",\"url\":\"https:\/\/b-art.podobraziazdusza.pl\/en\/produkt\/ekspresowa-realizacja\",\"name\":\"ekspresowa realizacja - Podobrazia z dusz\u0105\",\"isPartOf\":{\"@id\":\"https:\/\/b-art.podobraziazdusza.pl\/#website\"},\"datePublished\":\"2026-05-13T09:03:05+00:00\",\"dateModified\":\"2026-05-13T09:03:05+00:00\",\"breadcrumb\":{\"@id\":\"https:\/\/b-art.podobraziazdusza.pl\/en\/produkt\/ekspresowa-realizacja#breadcrumb\"},\"inLanguage\":\"en-US\",\"potentialAction\":[{\"@type\":\"ReadAction\",\"target\":[\"https:\/\/b-art.podobraziazdusza.pl\/en\/produkt\/ekspresowa-realizacja\"]}]},{\"@type\":\"BreadcrumbList\",\"@id\":\"https:\/\/b-art.podobraziazdusza.pl\/en\/produkt\/ekspresowa-realizacja#breadcrumb\",\"itemListElement\":[{\"@type\":\"ListItem\",\"position\":1,\"name\":\"Strona g\u0142\u00f3wna\",\"item\":\"https:\/\/b-art.podobraziazdusza.pl\/en\"},{\"@type\":\"ListItem\",\"position\":2,\"name\":\"Shop\",\"item\":\"https:\/\/b-art.podobraziazdusza.pl\/en\/shop\"},{\"@type\":\"ListItem\",\"position\":3,\"name\":\"ekspresowa realizacja\"}]},{\"@type\":\"WebSite\",\"@id\":\"https:\/\/b-art.podobraziazdusza.pl\/#website\",\"url\":\"https:\/\/b-art.podobraziazdusza.pl\/\",\"name\":\"Podobrazia z dusz\u0105\",\"description\":\"\",\"publisher\":{\"@id\":\"https:\/\/b-art.podobraziazdusza.pl\/#organization\"},\"potentialAction\":[{\"@type\":\"SearchAction\",\"target\":{\"@type\":\"EntryPoint\",\"urlTemplate\":\"https:\/\/b-art.podobraziazdusza.pl\/?s={search_term_string}\"},\"query-input\":\"required name=search_term_string\"}],\"inLanguage\":\"en-US\"},{\"@type\":\"Organization\",\"@id\":\"https:\/\/b-art.podobraziazdusza.pl\/#organization\",\"name\":\"Podobrazia z dusz\u0105\",\"url\":\"https:\/\/b-art.podobraziazdusza.pl\/\",\"logo\":{\"@type\":\"ImageObject\",\"inLanguage\":\"en-US\",\"@id\":\"https:\/\/b-art.podobraziazdusza.pl\/#\/schema\/logo\/image\/\",\"url\":\"https:\/\/b-art.podobraziazdusza.pl\/wp-content\/uploads\/2023\/06\/logo.svg\",\"contentUrl\":\"https:\/\/b-art.podobraziazdusza.pl\/wp-content\/uploads\/2023\/06\/logo.svg\",\"caption\":\"Podobrazia z dusz\u0105\"},\"image\":{\"@id\":\"https:\/\/b-art.podobraziazdusza.pl\/#\/schema\/logo\/image\/\"}}]}<\/script>\n<!-- \/ Yoast SEO plugin. -->","yoast_head_json":{"title":"ekspresowa realizacja - Podobrazia z dusz\u0105","robots":{"index":"noindex","follow":"follow","max-snippet":"max-snippet:-1","max-image-preview":"max-image-preview:large","max-video-preview":"max-video-preview:-1"},"og_locale":"en_US","og_type":"article","og_title":"ekspresowa realizacja - Podobrazia z dusz\u0105","og_description":"ekspresowa realizacja","og_url":"https:\/\/b-art.podobraziazdusza.pl\/en\/produkt\/ekspresowa-realizacja","og_site_name":"Podobrazia z dusz\u0105","twitter_card":"summary_large_image","twitter_misc":{"Est. reading time":"1 minute"},"schema":{"@context":"https:\/\/schema.org","@graph":[{"@type":"WebPage","@id":"https:\/\/b-art.podobraziazdusza.pl\/en\/produkt\/ekspresowa-realizacja","url":"https:\/\/b-art.podobraziazdusza.pl\/en\/produkt\/ekspresowa-realizacja","name":"ekspresowa realizacja - Podobrazia z dusz\u0105","isPartOf":{"@id":"https:\/\/b-art.podobraziazdusza.pl\/#website"},"datePublished":"2026-05-13T09:03:05+00:00","dateModified":"2026-05-13T09:03:05+00:00","breadcrumb":{"@id":"https:\/\/b-art.podobraziazdusza.pl\/en\/produkt\/ekspresowa-realizacja#breadcrumb"},"inLanguage":"en-US","potentialAction":[{"@type":"ReadAction","target":["https:\/\/b-art.podobraziazdusza.pl\/en\/produkt\/ekspresowa-realizacja"]}]},{"@type":"BreadcrumbList","@id":"https:\/\/b-art.podobraziazdusza.pl\/en\/produkt\/ekspresowa-realizacja#breadcrumb","itemListElement":[{"@type":"ListItem","position":1,"name":"Strona g\u0142\u00f3wna","item":"https:\/\/b-art.podobraziazdusza.pl\/en"},{"@type":"ListItem","position":2,"name":"Shop","item":"https:\/\/b-art.podobraziazdusza.pl\/en\/shop"},{"@type":"ListItem","position":3,"name":"ekspresowa realizacja"}]},{"@type":"WebSite","@id":"https:\/\/b-art.podobraziazdusza.pl\/#website","url":"https:\/\/b-art.podobraziazdusza.pl\/","name":"Podobrazia z dusz\u0105","description":"","publisher":{"@id":"https:\/\/b-art.podobraziazdusza.pl\/#organization"},"potentialAction":[{"@type":"SearchAction","target":{"@type":"EntryPoint","urlTemplate":"https:\/\/b-art.podobraziazdusza.pl\/?s={search_term_string}"},"query-input":"required name=search_term_string"}],"inLanguage":"en-US"},{"@type":"Organization","@id":"https:\/\/b-art.podobraziazdusza.pl\/#organization","name":"Podobrazia z dusz\u0105","url":"https:\/\/b-art.podobraziazdusza.pl\/","logo":{"@type":"ImageObject","inLanguage":"en-US","@id":"https:\/\/b-art.podobraziazdusza.pl\/#\/schema\/logo\/image\/","url":"https:\/\/b-art.podobraziazdusza.pl\/wp-content\/uploads\/2023\/06\/logo.svg","contentUrl":"https:\/\/b-art.podobraziazdusza.pl\/wp-content\/uploads\/2023\/06\/logo.svg","caption":"Podobrazia z dusz\u0105"},"image":{"@id":"https:\/\/b-art.podobraziazdusza.pl\/#\/schema\/logo\/image\/"}}]}},"_links":{"self":[{"href":"https:\/\/b-art.podobraziazdusza.pl\/en\/wp-json\/wp\/v2\/product\/22317","targetHints":{"allow":["GET"]}}],"collection":[{"href":"https:\/\/b-art.podobraziazdusza.pl\/en\/wp-json\/wp\/v2\/product"}],"about":[{"href":"https:\/\/b-art.podobraziazdusza.pl\/en\/wp-json\/wp\/v2\/types\/product"}],"replies":[{"embeddable":true,"href":"https:\/\/b-art.podobraziazdusza.pl\/en\/wp-json\/wp\/v2\/comments?post=22317"}],"wp:attachment":[{"href":"https:\/\/b-art.podobraziazdusza.pl\/en\/wp-json\/wp\/v2\/media?parent=22317"}],"wp:term":[{"taxonomy":"product_brand","embeddable":true,"href":"https:\/\/b-art.podobraziazdusza.pl\/en\/wp-json\/wp\/v2\/product_brand?post=22317"},{"taxonomy":"product_cat","embeddable":true,"href":"https:\/\/b-art.podobraziazdusza.pl\/en\/wp-json\/wp\/v2\/product_cat?post=22317"},{"taxonomy":"product_tag","embeddable":true,"href":"https:\/\/b-art.podobraziazdusza.pl\/en\/wp-json\/wp\/v2\/product_tag?post=22317"}],"curies":[{"name":"wp","href":"https:\/\/api.w.org\/{rel}","templated":true}]}}