{"id":22279,"date":"2026-05-13T09:03:20","date_gmt":"2026-05-13T09:03:20","guid":{"rendered":"https:\/\/b-art.podobraziazdusza.pl\/produkt\/podobrazie-lniane-70x100cm"},"modified":"2026-05-13T09:03:20","modified_gmt":"2026-05-13T09:03:20","slug":"podobrazie-lniane-70x100cm","status":"publish","type":"product","link":"https:\/\/b-art.podobraziazdusza.pl\/en\/produkt\/podobrazie-lniane-70x100cm","title":{"rendered":"Podobrazie lniane 70x100cm"},"content":{"rendered":"<p>Podobrazie lniane 70x100cm wykonane w ca\u0142o\u015bci r\u0119cznie, tradycyjnymi metodami rodem z podr\u0119cznik\u00f3w technologii malarstwa.<br \/>\n P\u0142\u00f3tno: G\u0119ste i grube surowe p\u0142\u00f3tno lniane (gramatura surowego p\u0142\u00f3tna ok 320 g\/m2), r\u0119cznie naci\u0105gni\u0119te na krosna malarskie, nast\u0119pnie &#8220;przeklejane&#8221; \u017celatyn\u0105 (p\u0119dzlem) i gruntowane na \u017cyczenie &#8211; prosz\u0119 wybra\u0107 po\u017c\u0105dany rodzaj gruntu.<\/p>\n<p> Krosna: patrz zak\u0142adka &#8220;Specyfikacja&#8221;.<\/p>\n<p> W zestawie brak klin\u00f3w (podobrazie jest dobrze naci\u0105gni\u0119te i do wi\u0119kszo\u015bci zastosowa\u0144 kliny nie b\u0119d\u0105 potrzebne) &#8211; w razie potrzeby kliny mo\u017cna dokupi\u0107 (kategoria &#8220;krosna&#8221;).<\/p>\n","protected":false},"excerpt":{"rendered":"<p>Podobrazie lniane 70x100cm<\/p>\n","protected":false},"featured_media":9770,"comment_status":"open","ping_status":"closed","template":"","meta":[],"product_brand":[],"product_cat":[446,318],"product_tag":[],"class_list":{"0":"post-22279","1":"product","2":"type-product","3":"status-publish","4":"has-post-thumbnail","6":"product_cat-linen-canvases","7":"product_cat-stretched-canvases","8":"sales-flash-overlay","9":"woocommerce-text-align-center","10":"woocommerce-image-align-center","11":"do-quantity-buttons","13":"first","14":"instock","15":"taxable","16":"shipping-taxable","17":"purchasable","18":"product-type-variable"},"yoast_head":"<!-- This site is optimized with the Yoast SEO plugin v20.12 - https:\/\/yoast.com\/wordpress\/plugins\/seo\/ -->\n<title>Podobrazie lniane 70x100cm - Podobrazia z dusz\u0105<\/title>\n<meta name=\"robots\" content=\"noindex, follow, max-snippet:-1, max-image-preview:large, max-video-preview:-1\" \/>\n<meta property=\"og:locale\" content=\"en_US\" \/>\n<meta property=\"og:type\" content=\"article\" \/>\n<meta property=\"og:title\" content=\"Podobrazie lniane 70x100cm - Podobrazia z dusz\u0105\" \/>\n<meta property=\"og:description\" content=\"Podobrazie lniane 70x100cm\" \/>\n<meta property=\"og:url\" content=\"https:\/\/b-art.podobraziazdusza.pl\/en\/produkt\/podobrazie-lniane-70x100cm\" \/>\n<meta property=\"og:site_name\" content=\"Podobrazia z dusz\u0105\" \/>\n<meta name=\"twitter:card\" content=\"summary_large_image\" \/>\n<script type=\"application\/ld+json\" class=\"yoast-schema-graph\">{\"@context\":\"https:\/\/schema.org\",\"@graph\":[{\"@type\":\"WebPage\",\"@id\":\"https:\/\/b-art.podobraziazdusza.pl\/en\/produkt\/podobrazie-lniane-70x100cm\",\"url\":\"https:\/\/b-art.podobraziazdusza.pl\/en\/produkt\/podobrazie-lniane-70x100cm\",\"name\":\"Podobrazie lniane 70x100cm - Podobrazia z dusz\u0105\",\"isPartOf\":{\"@id\":\"https:\/\/b-art.podobraziazdusza.pl\/#website\"},\"datePublished\":\"2026-05-13T09:03:20+00:00\",\"dateModified\":\"2026-05-13T09:03:20+00:00\",\"breadcrumb\":{\"@id\":\"https:\/\/b-art.podobraziazdusza.pl\/en\/produkt\/podobrazie-lniane-70x100cm#breadcrumb\"},\"inLanguage\":\"en-US\",\"potentialAction\":[{\"@type\":\"ReadAction\",\"target\":[\"https:\/\/b-art.podobraziazdusza.pl\/en\/produkt\/podobrazie-lniane-70x100cm\"]}]},{\"@type\":\"BreadcrumbList\",\"@id\":\"https:\/\/b-art.podobraziazdusza.pl\/en\/produkt\/podobrazie-lniane-70x100cm#breadcrumb\",\"itemListElement\":[{\"@type\":\"ListItem\",\"position\":1,\"name\":\"Strona g\u0142\u00f3wna\",\"item\":\"https:\/\/b-art.podobraziazdusza.pl\/en\"},{\"@type\":\"ListItem\",\"position\":2,\"name\":\"Shop\",\"item\":\"https:\/\/b-art.podobraziazdusza.pl\/en\/shop\"},{\"@type\":\"ListItem\",\"position\":3,\"name\":\"Podobrazie lniane 70x100cm\"}]},{\"@type\":\"WebSite\",\"@id\":\"https:\/\/b-art.podobraziazdusza.pl\/#website\",\"url\":\"https:\/\/b-art.podobraziazdusza.pl\/\",\"name\":\"Podobrazia z dusz\u0105\",\"description\":\"\",\"publisher\":{\"@id\":\"https:\/\/b-art.podobraziazdusza.pl\/#organization\"},\"potentialAction\":[{\"@type\":\"SearchAction\",\"target\":{\"@type\":\"EntryPoint\",\"urlTemplate\":\"https:\/\/b-art.podobraziazdusza.pl\/?s={search_term_string}\"},\"query-input\":\"required name=search_term_string\"}],\"inLanguage\":\"en-US\"},{\"@type\":\"Organization\",\"@id\":\"https:\/\/b-art.podobraziazdusza.pl\/#organization\",\"name\":\"Podobrazia z dusz\u0105\",\"url\":\"https:\/\/b-art.podobraziazdusza.pl\/\",\"logo\":{\"@type\":\"ImageObject\",\"inLanguage\":\"en-US\",\"@id\":\"https:\/\/b-art.podobraziazdusza.pl\/#\/schema\/logo\/image\/\",\"url\":\"https:\/\/b-art.podobraziazdusza.pl\/wp-content\/uploads\/2023\/06\/logo.svg\",\"contentUrl\":\"https:\/\/b-art.podobraziazdusza.pl\/wp-content\/uploads\/2023\/06\/logo.svg\",\"caption\":\"Podobrazia z dusz\u0105\"},\"image\":{\"@id\":\"https:\/\/b-art.podobraziazdusza.pl\/#\/schema\/logo\/image\/\"}}]}<\/script>\n<!-- \/ Yoast SEO plugin. -->","yoast_head_json":{"title":"Podobrazie lniane 70x100cm - Podobrazia z dusz\u0105","robots":{"index":"noindex","follow":"follow","max-snippet":"max-snippet:-1","max-image-preview":"max-image-preview:large","max-video-preview":"max-video-preview:-1"},"og_locale":"en_US","og_type":"article","og_title":"Podobrazie lniane 70x100cm - Podobrazia z dusz\u0105","og_description":"Podobrazie lniane 70x100cm","og_url":"https:\/\/b-art.podobraziazdusza.pl\/en\/produkt\/podobrazie-lniane-70x100cm","og_site_name":"Podobrazia z dusz\u0105","twitter_card":"summary_large_image","schema":{"@context":"https:\/\/schema.org","@graph":[{"@type":"WebPage","@id":"https:\/\/b-art.podobraziazdusza.pl\/en\/produkt\/podobrazie-lniane-70x100cm","url":"https:\/\/b-art.podobraziazdusza.pl\/en\/produkt\/podobrazie-lniane-70x100cm","name":"Podobrazie lniane 70x100cm - Podobrazia z dusz\u0105","isPartOf":{"@id":"https:\/\/b-art.podobraziazdusza.pl\/#website"},"datePublished":"2026-05-13T09:03:20+00:00","dateModified":"2026-05-13T09:03:20+00:00","breadcrumb":{"@id":"https:\/\/b-art.podobraziazdusza.pl\/en\/produkt\/podobrazie-lniane-70x100cm#breadcrumb"},"inLanguage":"en-US","potentialAction":[{"@type":"ReadAction","target":["https:\/\/b-art.podobraziazdusza.pl\/en\/produkt\/podobrazie-lniane-70x100cm"]}]},{"@type":"BreadcrumbList","@id":"https:\/\/b-art.podobraziazdusza.pl\/en\/produkt\/podobrazie-lniane-70x100cm#breadcrumb","itemListElement":[{"@type":"ListItem","position":1,"name":"Strona g\u0142\u00f3wna","item":"https:\/\/b-art.podobraziazdusza.pl\/en"},{"@type":"ListItem","position":2,"name":"Shop","item":"https:\/\/b-art.podobraziazdusza.pl\/en\/shop"},{"@type":"ListItem","position":3,"name":"Podobrazie lniane 70x100cm"}]},{"@type":"WebSite","@id":"https:\/\/b-art.podobraziazdusza.pl\/#website","url":"https:\/\/b-art.podobraziazdusza.pl\/","name":"Podobrazia z dusz\u0105","description":"","publisher":{"@id":"https:\/\/b-art.podobraziazdusza.pl\/#organization"},"potentialAction":[{"@type":"SearchAction","target":{"@type":"EntryPoint","urlTemplate":"https:\/\/b-art.podobraziazdusza.pl\/?s={search_term_string}"},"query-input":"required name=search_term_string"}],"inLanguage":"en-US"},{"@type":"Organization","@id":"https:\/\/b-art.podobraziazdusza.pl\/#organization","name":"Podobrazia z dusz\u0105","url":"https:\/\/b-art.podobraziazdusza.pl\/","logo":{"@type":"ImageObject","inLanguage":"en-US","@id":"https:\/\/b-art.podobraziazdusza.pl\/#\/schema\/logo\/image\/","url":"https:\/\/b-art.podobraziazdusza.pl\/wp-content\/uploads\/2023\/06\/logo.svg","contentUrl":"https:\/\/b-art.podobraziazdusza.pl\/wp-content\/uploads\/2023\/06\/logo.svg","caption":"Podobrazia z dusz\u0105"},"image":{"@id":"https:\/\/b-art.podobraziazdusza.pl\/#\/schema\/logo\/image\/"}}]}},"_links":{"self":[{"href":"https:\/\/b-art.podobraziazdusza.pl\/en\/wp-json\/wp\/v2\/product\/22279","targetHints":{"allow":["GET"]}}],"collection":[{"href":"https:\/\/b-art.podobraziazdusza.pl\/en\/wp-json\/wp\/v2\/product"}],"about":[{"href":"https:\/\/b-art.podobraziazdusza.pl\/en\/wp-json\/wp\/v2\/types\/product"}],"replies":[{"embeddable":true,"href":"https:\/\/b-art.podobraziazdusza.pl\/en\/wp-json\/wp\/v2\/comments?post=22279"}],"wp:featuredmedia":[{"embeddable":true,"href":"https:\/\/b-art.podobraziazdusza.pl\/en\/wp-json\/wp\/v2\/media\/9770"}],"wp:attachment":[{"href":"https:\/\/b-art.podobraziazdusza.pl\/en\/wp-json\/wp\/v2\/media?parent=22279"}],"wp:term":[{"taxonomy":"product_brand","embeddable":true,"href":"https:\/\/b-art.podobraziazdusza.pl\/en\/wp-json\/wp\/v2\/product_brand?post=22279"},{"taxonomy":"product_cat","embeddable":true,"href":"https:\/\/b-art.podobraziazdusza.pl\/en\/wp-json\/wp\/v2\/product_cat?post=22279"},{"taxonomy":"product_tag","embeddable":true,"href":"https:\/\/b-art.podobraziazdusza.pl\/en\/wp-json\/wp\/v2\/product_tag?post=22279"}],"curies":[{"name":"wp","href":"https:\/\/api.w.org\/{rel}","templated":true}]}}