{"id":20609,"date":"2025-10-20T16:18:02","date_gmt":"2025-10-20T16:18:02","guid":{"rendered":"https:\/\/b-art.podobraziazdusza.pl\/?post_type=product&#038;p=20609"},"modified":"2026-05-05T12:16:38","modified_gmt":"2026-05-05T12:16:38","slug":"gesso-primer-b-art-1000-ml","status":"publish","type":"product","link":"https:\/\/b-art.podobraziazdusza.pl\/en\/produkt\/gesso-primer-b-art-1000-ml","title":{"rendered":"Grunt gesso B. Art + 1000 ml czarny"},"content":{"rendered":"<p>Grunt gesso B. Art + 1000 ml<br \/>\nNajwy\u017cszej klasy uniwersalny grunt malarski gesso &#8211; produkowany na specjalne zlecenie podobrazi z dusz\u0105 przez jednego z najwi\u0119kszych Europejskich producent\u00f3w (receptura jest ulepszona m.in. poprzez nieco wi\u0119ksz\u0105 zawarto\u015b\u0107 pigmentu).<\/p>\n<p>Kolor CZARNY, obj\u0119to\u015b\u0107 1000 ml.<\/p>\n<p>To podstawowy grunt kt\u00f3rego u\u017cywamy w naszych podobraziach z dusz\u0105 &#8211; o zbli\u017conej jako\u015bci do Royal Talens &#8211; minimalnie bardziej ch\u0142onny i matowy. Ponad po\u0142owa klient\u00f3w kt\u00f3rych poprosili\u015bmy o opini\u0119 stwierdzi\u0142a \u017ce jest lepszy dla nich (dzi\u0119ki w\u0142a\u015bnie owej delikatnie bardziej matowej powierzchni). Ci kt\u00f3rzy preferowali grunt Talens stwierdzali \u017ce jest minimalnie bardziej elastyczny i np lepiej szkicuje si\u0119 na nim o\u0142\u00f3wkiem.<\/p>\n","protected":false},"excerpt":{"rendered":"<p>Grunt gesso B. Art + 1000 ml czarny<\/p>\n","protected":false},"featured_media":21343,"comment_status":"open","ping_status":"closed","template":"","meta":[],"product_brand":[],"product_cat":[260,264],"product_tag":[],"class_list":{"0":"post-20609","1":"product","2":"type-product","3":"status-publish","4":"has-post-thumbnail","6":"product_cat-primers","7":"product_cat-priming-media","8":"sales-flash-overlay","9":"woocommerce-text-align-center","10":"woocommerce-image-align-center","11":"do-quantity-buttons","12":"wc-has-gallery","14":"first","15":"instock","16":"taxable","17":"shipping-taxable","18":"purchasable","19":"product-type-simple"},"yoast_head":"<!-- This site is optimized with the Yoast SEO plugin v20.12 - https:\/\/yoast.com\/wordpress\/plugins\/seo\/ -->\n<title>Grunt gesso B. Art + 1000 ml czarny - Podobrazia z dusz\u0105<\/title>\n<meta name=\"robots\" content=\"noindex, follow, max-snippet:-1, max-image-preview:large, max-video-preview:-1\" \/>\n<meta property=\"og:locale\" content=\"en_US\" \/>\n<meta property=\"og:type\" content=\"article\" \/>\n<meta property=\"og:title\" content=\"Grunt gesso B. Art + 1000 ml czarny - Podobrazia z dusz\u0105\" \/>\n<meta property=\"og:description\" content=\"Grunt gesso B. Art + 1000 ml czarny\" \/>\n<meta property=\"og:url\" content=\"https:\/\/b-art.podobraziazdusza.pl\/?post_type=product&amp;p=20269\" \/>\n<meta property=\"og:site_name\" content=\"Podobrazia z dusz\u0105\" \/>\n<meta property=\"article:modified_time\" content=\"2026-05-05T12:16:38+00:00\" \/>\n<meta property=\"og:image\" content=\"https:\/\/b-art.podobraziazdusza.pl\/wp-content\/uploads\/2026\/05\/IMG20251029143154-scaled.jpg\" \/>\n\t<meta property=\"og:image:width\" content=\"1920\" \/>\n\t<meta property=\"og:image:height\" content=\"2560\" \/>\n\t<meta property=\"og:image:type\" content=\"image\/jpeg\" \/>\n<meta name=\"twitter:card\" content=\"summary_large_image\" \/>\n<meta name=\"twitter:label1\" content=\"Est. reading time\" \/>\n\t<meta name=\"twitter:data1\" content=\"1 minute\" \/>\n<script type=\"application\/ld+json\" class=\"yoast-schema-graph\">{\"@context\":\"https:\/\/schema.org\",\"@graph\":[{\"@type\":\"WebPage\",\"@id\":\"https:\/\/b-art.podobraziazdusza.pl\/?post_type=product&p=20269\",\"url\":\"https:\/\/b-art.podobraziazdusza.pl\/?post_type=product&p=20269\",\"name\":\"Grunt gesso B. Art + 1000 ml czarny - Podobrazia z dusz\u0105\",\"isPartOf\":{\"@id\":\"https:\/\/b-art.podobraziazdusza.pl\/#website\"},\"datePublished\":\"2025-10-20T16:18:02+00:00\",\"dateModified\":\"2026-05-05T12:16:38+00:00\",\"breadcrumb\":{\"@id\":\"https:\/\/b-art.podobraziazdusza.pl\/?post_type=product&p=20269#breadcrumb\"},\"inLanguage\":\"en-US\",\"potentialAction\":[{\"@type\":\"ReadAction\",\"target\":[\"https:\/\/b-art.podobraziazdusza.pl\/?post_type=product&p=20269\"]}]},{\"@type\":\"BreadcrumbList\",\"@id\":\"https:\/\/b-art.podobraziazdusza.pl\/?post_type=product&p=20269#breadcrumb\",\"itemListElement\":[{\"@type\":\"ListItem\",\"position\":1,\"name\":\"Strona g\u0142\u00f3wna\",\"item\":\"https:\/\/b-art.podobraziazdusza.pl\/en\"},{\"@type\":\"ListItem\",\"position\":2,\"name\":\"Shop\",\"item\":\"https:\/\/b-art.podobraziazdusza.pl\/en\/shop\"},{\"@type\":\"ListItem\",\"position\":3,\"name\":\"Grunt gesso B. Art + 1000 ml czarny\"}]},{\"@type\":\"WebSite\",\"@id\":\"https:\/\/b-art.podobraziazdusza.pl\/#website\",\"url\":\"https:\/\/b-art.podobraziazdusza.pl\/\",\"name\":\"Podobrazia z dusz\u0105\",\"description\":\"\",\"publisher\":{\"@id\":\"https:\/\/b-art.podobraziazdusza.pl\/#organization\"},\"potentialAction\":[{\"@type\":\"SearchAction\",\"target\":{\"@type\":\"EntryPoint\",\"urlTemplate\":\"https:\/\/b-art.podobraziazdusza.pl\/?s={search_term_string}\"},\"query-input\":\"required name=search_term_string\"}],\"inLanguage\":\"en-US\"},{\"@type\":\"Organization\",\"@id\":\"https:\/\/b-art.podobraziazdusza.pl\/#organization\",\"name\":\"Podobrazia z dusz\u0105\",\"url\":\"https:\/\/b-art.podobraziazdusza.pl\/\",\"logo\":{\"@type\":\"ImageObject\",\"inLanguage\":\"en-US\",\"@id\":\"https:\/\/b-art.podobraziazdusza.pl\/#\/schema\/logo\/image\/\",\"url\":\"https:\/\/b-art.podobraziazdusza.pl\/wp-content\/uploads\/2023\/06\/logo.svg\",\"contentUrl\":\"https:\/\/b-art.podobraziazdusza.pl\/wp-content\/uploads\/2023\/06\/logo.svg\",\"caption\":\"Podobrazia z dusz\u0105\"},\"image\":{\"@id\":\"https:\/\/b-art.podobraziazdusza.pl\/#\/schema\/logo\/image\/\"}}]}<\/script>\n<!-- \/ Yoast SEO plugin. -->","yoast_head_json":{"title":"Grunt gesso B. Art + 1000 ml czarny - Podobrazia z dusz\u0105","robots":{"index":"noindex","follow":"follow","max-snippet":"max-snippet:-1","max-image-preview":"max-image-preview:large","max-video-preview":"max-video-preview:-1"},"og_locale":"en_US","og_type":"article","og_title":"Grunt gesso B. Art + 1000 ml czarny - Podobrazia z dusz\u0105","og_description":"Grunt gesso B. Art + 1000 ml czarny","og_url":"https:\/\/b-art.podobraziazdusza.pl\/?post_type=product&p=20269","og_site_name":"Podobrazia z dusz\u0105","article_modified_time":"2026-05-05T12:16:38+00:00","og_image":[{"width":1920,"height":2560,"url":"https:\/\/b-art.podobraziazdusza.pl\/wp-content\/uploads\/2026\/05\/IMG20251029143154-scaled.jpg","type":"image\/jpeg"}],"twitter_card":"summary_large_image","twitter_misc":{"Est. reading time":"1 minute"},"schema":{"@context":"https:\/\/schema.org","@graph":[{"@type":"WebPage","@id":"https:\/\/b-art.podobraziazdusza.pl\/?post_type=product&p=20269","url":"https:\/\/b-art.podobraziazdusza.pl\/?post_type=product&p=20269","name":"Grunt gesso B. Art + 1000 ml czarny - Podobrazia z dusz\u0105","isPartOf":{"@id":"https:\/\/b-art.podobraziazdusza.pl\/#website"},"datePublished":"2025-10-20T16:18:02+00:00","dateModified":"2026-05-05T12:16:38+00:00","breadcrumb":{"@id":"https:\/\/b-art.podobraziazdusza.pl\/?post_type=product&p=20269#breadcrumb"},"inLanguage":"en-US","potentialAction":[{"@type":"ReadAction","target":["https:\/\/b-art.podobraziazdusza.pl\/?post_type=product&p=20269"]}]},{"@type":"BreadcrumbList","@id":"https:\/\/b-art.podobraziazdusza.pl\/?post_type=product&p=20269#breadcrumb","itemListElement":[{"@type":"ListItem","position":1,"name":"Strona g\u0142\u00f3wna","item":"https:\/\/b-art.podobraziazdusza.pl\/en"},{"@type":"ListItem","position":2,"name":"Shop","item":"https:\/\/b-art.podobraziazdusza.pl\/en\/shop"},{"@type":"ListItem","position":3,"name":"Grunt gesso B. Art + 1000 ml czarny"}]},{"@type":"WebSite","@id":"https:\/\/b-art.podobraziazdusza.pl\/#website","url":"https:\/\/b-art.podobraziazdusza.pl\/","name":"Podobrazia z dusz\u0105","description":"","publisher":{"@id":"https:\/\/b-art.podobraziazdusza.pl\/#organization"},"potentialAction":[{"@type":"SearchAction","target":{"@type":"EntryPoint","urlTemplate":"https:\/\/b-art.podobraziazdusza.pl\/?s={search_term_string}"},"query-input":"required name=search_term_string"}],"inLanguage":"en-US"},{"@type":"Organization","@id":"https:\/\/b-art.podobraziazdusza.pl\/#organization","name":"Podobrazia z dusz\u0105","url":"https:\/\/b-art.podobraziazdusza.pl\/","logo":{"@type":"ImageObject","inLanguage":"en-US","@id":"https:\/\/b-art.podobraziazdusza.pl\/#\/schema\/logo\/image\/","url":"https:\/\/b-art.podobraziazdusza.pl\/wp-content\/uploads\/2023\/06\/logo.svg","contentUrl":"https:\/\/b-art.podobraziazdusza.pl\/wp-content\/uploads\/2023\/06\/logo.svg","caption":"Podobrazia z dusz\u0105"},"image":{"@id":"https:\/\/b-art.podobraziazdusza.pl\/#\/schema\/logo\/image\/"}}]}},"_links":{"self":[{"href":"https:\/\/b-art.podobraziazdusza.pl\/en\/wp-json\/wp\/v2\/product\/20609","targetHints":{"allow":["GET"]}}],"collection":[{"href":"https:\/\/b-art.podobraziazdusza.pl\/en\/wp-json\/wp\/v2\/product"}],"about":[{"href":"https:\/\/b-art.podobraziazdusza.pl\/en\/wp-json\/wp\/v2\/types\/product"}],"replies":[{"embeddable":true,"href":"https:\/\/b-art.podobraziazdusza.pl\/en\/wp-json\/wp\/v2\/comments?post=20609"}],"wp:featuredmedia":[{"embeddable":true,"href":"https:\/\/b-art.podobraziazdusza.pl\/en\/wp-json\/wp\/v2\/media\/21343"}],"wp:attachment":[{"href":"https:\/\/b-art.podobraziazdusza.pl\/en\/wp-json\/wp\/v2\/media?parent=20609"}],"wp:term":[{"taxonomy":"product_brand","embeddable":true,"href":"https:\/\/b-art.podobraziazdusza.pl\/en\/wp-json\/wp\/v2\/product_brand?post=20609"},{"taxonomy":"product_cat","embeddable":true,"href":"https:\/\/b-art.podobraziazdusza.pl\/en\/wp-json\/wp\/v2\/product_cat?post=20609"},{"taxonomy":"product_tag","embeddable":true,"href":"https:\/\/b-art.podobraziazdusza.pl\/en\/wp-json\/wp\/v2\/product_tag?post=20609"}],"curies":[{"name":"wp","href":"https:\/\/api.w.org\/{rel}","templated":true}]}}